{"id":36,"date":"2022-08-09T17:29:52","date_gmt":"2022-08-09T17:29:52","guid":{"rendered":"https:\/\/estanciacristina.com\/?page_id=36"},"modified":"2025-05-02T19:15:32","modified_gmt":"2025-05-02T19:15:32","slug":"contacto","status":"publish","type":"page","link":"https:\/\/estanciacristina.com\/es\/contacto\/","title":{"rendered":"Contact a Representative"},"content":{"rendered":"","protected":false},"excerpt":{"rendered":"","protected":false},"author":1,"featured_media":0,"parent":0,"menu_order":12,"comment_status":"closed","ping_status":"closed","template":"templates\/contact.php","meta":{"_acf_changed":false,"footnotes":""},"class_list":["post-36","page","type-page","status-publish","hentry"],"acf":[],"yoast_head":"<!-- This site is optimized with the Yoast SEO plugin v24.1 - https:\/\/yoast.com\/wordpress\/plugins\/seo\/ -->\n<title>Contactanos y reserv\u00e1 tu viaje a Patagonia | Estancia Cristina<\/title>\n<meta name=\"description\" content=\"Si est\u00e1s interesado en viajar a Patagonia, Sudam\u00e9rica, y necesitas consejos sobre c\u00f3mo reservar, por favor contacta a nuestro equipo de ventas. \u00a1Reserva tu viaje con nosotros!\" \/>\n<meta name=\"robots\" content=\"index, follow, max-snippet:-1, max-image-preview:large, max-video-preview:-1\" \/>\n<link rel=\"canonical\" href=\"https:\/\/estanciacristina.com\/es\/contacto\/\" \/>\n<meta property=\"og:locale\" content=\"es_ES\" \/>\n<meta property=\"og:type\" content=\"article\" \/>\n<meta property=\"og:title\" content=\"Contactanos y reserv\u00e1 tu viaje a Patagonia | Estancia Cristina\" \/>\n<meta property=\"og:description\" content=\"Si est\u00e1s interesado en viajar a Patagonia, Sudam\u00e9rica, y necesitas consejos sobre c\u00f3mo reservar, por favor contacta a nuestro equipo de ventas. \u00a1Reserva tu viaje con nosotros!\" \/>\n<meta property=\"og:url\" content=\"https:\/\/estanciacristina.com\/es\/contacto\/\" \/>\n<meta property=\"og:site_name\" content=\"Estancia Cristina ES\" \/>\n<meta property=\"article:modified_time\" content=\"2025-05-02T19:15:32+00:00\" \/>\n<meta name=\"twitter:card\" content=\"summary_large_image\" \/>\n<script type=\"application\/ld+json\" class=\"yoast-schema-graph\">{\"@context\":\"https:\/\/schema.org\",\"@graph\":[{\"@type\":\"WebPage\",\"@id\":\"https:\/\/estanciacristina.com\/es\/contacto\/\",\"url\":\"https:\/\/estanciacristina.com\/es\/contacto\/\",\"name\":\"Contactanos y reserv\u00e1 tu viaje a Patagonia | Estancia Cristina\",\"isPartOf\":{\"@id\":\"https:\/\/estanciacristina.com\/es\/#website\"},\"datePublished\":\"2022-08-09T17:29:52+00:00\",\"dateModified\":\"2025-05-02T19:15:32+00:00\",\"description\":\"Si est\u00e1s interesado en viajar a Patagonia, Sudam\u00e9rica, y necesitas consejos sobre c\u00f3mo reservar, por favor contacta a nuestro equipo de ventas. \u00a1Reserva tu viaje con nosotros!\",\"breadcrumb\":{\"@id\":\"https:\/\/estanciacristina.com\/es\/contacto\/#breadcrumb\"},\"inLanguage\":\"es-AR\",\"potentialAction\":[{\"@type\":\"ReadAction\",\"target\":[\"https:\/\/estanciacristina.com\/es\/contacto\/\"]}]},{\"@type\":\"BreadcrumbList\",\"@id\":\"https:\/\/estanciacristina.com\/es\/contacto\/#breadcrumb\",\"itemListElement\":[{\"@type\":\"ListItem\",\"position\":1,\"name\":\"Home\",\"item\":\"https:\/\/estanciacristina.com\/es\/\"},{\"@type\":\"ListItem\",\"position\":2,\"name\":\"Contact a Representative\"}]},{\"@type\":\"WebSite\",\"@id\":\"https:\/\/estanciacristina.com\/es\/#website\",\"url\":\"https:\/\/estanciacristina.com\/es\/\",\"name\":\"Estancia Cristina ES\",\"description\":\"\",\"potentialAction\":[{\"@type\":\"SearchAction\",\"target\":{\"@type\":\"EntryPoint\",\"urlTemplate\":\"https:\/\/estanciacristina.com\/es\/?s={search_term_string}\"},\"query-input\":{\"@type\":\"PropertyValueSpecification\",\"valueRequired\":true,\"valueName\":\"search_term_string\"}}],\"inLanguage\":\"es-AR\"}]}<\/script>\n<!-- \/ Yoast SEO plugin. -->","yoast_head_json":{"title":"Contactanos y reserv\u00e1 tu viaje a Patagonia | Estancia Cristina","description":"Si est\u00e1s interesado en viajar a Patagonia, Sudam\u00e9rica, y necesitas consejos sobre c\u00f3mo reservar, por favor contacta a nuestro equipo de ventas. \u00a1Reserva tu viaje con nosotros!","robots":{"index":"index","follow":"follow","max-snippet":"max-snippet:-1","max-image-preview":"max-image-preview:large","max-video-preview":"max-video-preview:-1"},"canonical":"https:\/\/estanciacristina.com\/es\/contacto\/","og_locale":"es_ES","og_type":"article","og_title":"Contactanos y reserv\u00e1 tu viaje a Patagonia | Estancia Cristina","og_description":"Si est\u00e1s interesado en viajar a Patagonia, Sudam\u00e9rica, y necesitas consejos sobre c\u00f3mo reservar, por favor contacta a nuestro equipo de ventas. \u00a1Reserva tu viaje con nosotros!","og_url":"https:\/\/estanciacristina.com\/es\/contacto\/","og_site_name":"Estancia Cristina ES","article_modified_time":"2025-05-02T19:15:32+00:00","twitter_card":"summary_large_image","schema":{"@context":"https:\/\/schema.org","@graph":[{"@type":"WebPage","@id":"https:\/\/estanciacristina.com\/es\/contacto\/","url":"https:\/\/estanciacristina.com\/es\/contacto\/","name":"Contactanos y reserv\u00e1 tu viaje a Patagonia | Estancia Cristina","isPartOf":{"@id":"https:\/\/estanciacristina.com\/es\/#website"},"datePublished":"2022-08-09T17:29:52+00:00","dateModified":"2025-05-02T19:15:32+00:00","description":"Si est\u00e1s interesado en viajar a Patagonia, Sudam\u00e9rica, y necesitas consejos sobre c\u00f3mo reservar, por favor contacta a nuestro equipo de ventas. \u00a1Reserva tu viaje con nosotros!","breadcrumb":{"@id":"https:\/\/estanciacristina.com\/es\/contacto\/#breadcrumb"},"inLanguage":"es-AR","potentialAction":[{"@type":"ReadAction","target":["https:\/\/estanciacristina.com\/es\/contacto\/"]}]},{"@type":"BreadcrumbList","@id":"https:\/\/estanciacristina.com\/es\/contacto\/#breadcrumb","itemListElement":[{"@type":"ListItem","position":1,"name":"Home","item":"https:\/\/estanciacristina.com\/es\/"},{"@type":"ListItem","position":2,"name":"Contact a Representative"}]},{"@type":"WebSite","@id":"https:\/\/estanciacristina.com\/es\/#website","url":"https:\/\/estanciacristina.com\/es\/","name":"Estancia Cristina ES","description":"","potentialAction":[{"@type":"SearchAction","target":{"@type":"EntryPoint","urlTemplate":"https:\/\/estanciacristina.com\/es\/?s={search_term_string}"},"query-input":{"@type":"PropertyValueSpecification","valueRequired":true,"valueName":"search_term_string"}}],"inLanguage":"es-AR"}]}},"_links":{"self":[{"href":"https:\/\/estanciacristina.com\/es\/wp-json\/wp\/v2\/pages\/36","targetHints":{"allow":["GET"]}}],"collection":[{"href":"https:\/\/estanciacristina.com\/es\/wp-json\/wp\/v2\/pages"}],"about":[{"href":"https:\/\/estanciacristina.com\/es\/wp-json\/wp\/v2\/types\/page"}],"author":[{"embeddable":true,"href":"https:\/\/estanciacristina.com\/es\/wp-json\/wp\/v2\/users\/1"}],"replies":[{"embeddable":true,"href":"https:\/\/estanciacristina.com\/es\/wp-json\/wp\/v2\/comments?post=36"}],"version-history":[{"count":36,"href":"https:\/\/estanciacristina.com\/es\/wp-json\/wp\/v2\/pages\/36\/revisions"}],"predecessor-version":[{"id":4660,"href":"https:\/\/estanciacristina.com\/es\/wp-json\/wp\/v2\/pages\/36\/revisions\/4660"}],"wp:attachment":[{"href":"https:\/\/estanciacristina.com\/es\/wp-json\/wp\/v2\/media?parent=36"}],"curies":[{"name":"wp","href":"https:\/\/api.w.org\/{rel}","templated":true}]}}