{"id":20,"date":"2022-08-09T17:25:53","date_gmt":"2022-08-09T17:25:53","guid":{"rendered":"https:\/\/estanciacristina.com\/?page_id=20"},"modified":"2025-10-31T17:30:15","modified_gmt":"2025-10-31T17:30:15","slug":"como-funciona","status":"publish","type":"page","link":"https:\/\/estanciacristina.com\/es\/como-funciona\/","title":{"rendered":"How it <em>Works<\/em>"},"content":{"rendered":"","protected":false},"excerpt":{"rendered":"","protected":false},"author":1,"featured_media":0,"parent":0,"menu_order":18,"comment_status":"closed","ping_status":"closed","template":"templates\/how-it-works.php","meta":{"_acf_changed":false,"footnotes":""},"class_list":["post-20","page","type-page","status-publish","hentry"],"acf":[],"yoast_head":"<!-- This site is optimized with the Yoast SEO plugin v24.1 - https:\/\/yoast.com\/wordpress\/plugins\/seo\/ -->\n<title>Qu\u00e9 est\u00e1 incluido en nuestros Tours por la Patagonia | Estancia Cristina<\/title>\n<meta name=\"description\" content=\"Enterate qu\u00e9 incluye, c\u00f3mo llegar a Estancia Cristina y otras preguntas frecuentes. Visita la Patagonia y disfruta al m\u00e1ximo de nuestras experiencias.\" \/>\n<meta name=\"robots\" content=\"index, follow, max-snippet:-1, max-image-preview:large, max-video-preview:-1\" \/>\n<link rel=\"canonical\" href=\"https:\/\/estanciacristina.com\/es\/como-funciona\/\" \/>\n<meta property=\"og:locale\" content=\"es_ES\" \/>\n<meta property=\"og:type\" content=\"article\" \/>\n<meta property=\"og:title\" content=\"Qu\u00e9 est\u00e1 incluido en nuestros Tours por la Patagonia | Estancia Cristina\" \/>\n<meta property=\"og:description\" content=\"Enterate qu\u00e9 incluye, c\u00f3mo llegar a Estancia Cristina y otras preguntas frecuentes. Visita la Patagonia y disfruta al m\u00e1ximo de nuestras experiencias.\" \/>\n<meta property=\"og:url\" content=\"https:\/\/estanciacristina.com\/es\/como-funciona\/\" \/>\n<meta property=\"og:site_name\" content=\"Estancia Cristina ES\" \/>\n<meta property=\"article:modified_time\" content=\"2025-10-31T17:30:15+00:00\" \/>\n<meta name=\"twitter:card\" content=\"summary_large_image\" \/>\n<script type=\"application\/ld+json\" class=\"yoast-schema-graph\">{\"@context\":\"https:\/\/schema.org\",\"@graph\":[{\"@type\":\"WebPage\",\"@id\":\"https:\/\/estanciacristina.com\/es\/como-funciona\/\",\"url\":\"https:\/\/estanciacristina.com\/es\/como-funciona\/\",\"name\":\"Qu\u00e9 est\u00e1 incluido en nuestros Tours por la Patagonia | Estancia Cristina\",\"isPartOf\":{\"@id\":\"https:\/\/estanciacristina.com\/es\/#website\"},\"datePublished\":\"2022-08-09T17:25:53+00:00\",\"dateModified\":\"2025-10-31T17:30:15+00:00\",\"description\":\"Enterate qu\u00e9 incluye, c\u00f3mo llegar a Estancia Cristina y otras preguntas frecuentes. Visita la Patagonia y disfruta al m\u00e1ximo de nuestras experiencias.\",\"breadcrumb\":{\"@id\":\"https:\/\/estanciacristina.com\/es\/como-funciona\/#breadcrumb\"},\"inLanguage\":\"es-AR\",\"potentialAction\":[{\"@type\":\"ReadAction\",\"target\":[\"https:\/\/estanciacristina.com\/es\/como-funciona\/\"]}]},{\"@type\":\"BreadcrumbList\",\"@id\":\"https:\/\/estanciacristina.com\/es\/como-funciona\/#breadcrumb\",\"itemListElement\":[{\"@type\":\"ListItem\",\"position\":1,\"name\":\"Home\",\"item\":\"https:\/\/estanciacristina.com\/es\/\"},{\"@type\":\"ListItem\",\"position\":2,\"name\":\"How it Works\"}]},{\"@type\":\"WebSite\",\"@id\":\"https:\/\/estanciacristina.com\/es\/#website\",\"url\":\"https:\/\/estanciacristina.com\/es\/\",\"name\":\"Estancia Cristina ES\",\"description\":\"\",\"potentialAction\":[{\"@type\":\"SearchAction\",\"target\":{\"@type\":\"EntryPoint\",\"urlTemplate\":\"https:\/\/estanciacristina.com\/es\/?s={search_term_string}\"},\"query-input\":{\"@type\":\"PropertyValueSpecification\",\"valueRequired\":true,\"valueName\":\"search_term_string\"}}],\"inLanguage\":\"es-AR\"}]}<\/script>\n<!-- \/ Yoast SEO plugin. -->","yoast_head_json":{"title":"Qu\u00e9 est\u00e1 incluido en nuestros Tours por la Patagonia | Estancia Cristina","description":"Enterate qu\u00e9 incluye, c\u00f3mo llegar a Estancia Cristina y otras preguntas frecuentes. Visita la Patagonia y disfruta al m\u00e1ximo de nuestras experiencias.","robots":{"index":"index","follow":"follow","max-snippet":"max-snippet:-1","max-image-preview":"max-image-preview:large","max-video-preview":"max-video-preview:-1"},"canonical":"https:\/\/estanciacristina.com\/es\/como-funciona\/","og_locale":"es_ES","og_type":"article","og_title":"Qu\u00e9 est\u00e1 incluido en nuestros Tours por la Patagonia | Estancia Cristina","og_description":"Enterate qu\u00e9 incluye, c\u00f3mo llegar a Estancia Cristina y otras preguntas frecuentes. Visita la Patagonia y disfruta al m\u00e1ximo de nuestras experiencias.","og_url":"https:\/\/estanciacristina.com\/es\/como-funciona\/","og_site_name":"Estancia Cristina ES","article_modified_time":"2025-10-31T17:30:15+00:00","twitter_card":"summary_large_image","schema":{"@context":"https:\/\/schema.org","@graph":[{"@type":"WebPage","@id":"https:\/\/estanciacristina.com\/es\/como-funciona\/","url":"https:\/\/estanciacristina.com\/es\/como-funciona\/","name":"Qu\u00e9 est\u00e1 incluido en nuestros Tours por la Patagonia | Estancia Cristina","isPartOf":{"@id":"https:\/\/estanciacristina.com\/es\/#website"},"datePublished":"2022-08-09T17:25:53+00:00","dateModified":"2025-10-31T17:30:15+00:00","description":"Enterate qu\u00e9 incluye, c\u00f3mo llegar a Estancia Cristina y otras preguntas frecuentes. Visita la Patagonia y disfruta al m\u00e1ximo de nuestras experiencias.","breadcrumb":{"@id":"https:\/\/estanciacristina.com\/es\/como-funciona\/#breadcrumb"},"inLanguage":"es-AR","potentialAction":[{"@type":"ReadAction","target":["https:\/\/estanciacristina.com\/es\/como-funciona\/"]}]},{"@type":"BreadcrumbList","@id":"https:\/\/estanciacristina.com\/es\/como-funciona\/#breadcrumb","itemListElement":[{"@type":"ListItem","position":1,"name":"Home","item":"https:\/\/estanciacristina.com\/es\/"},{"@type":"ListItem","position":2,"name":"How it Works"}]},{"@type":"WebSite","@id":"https:\/\/estanciacristina.com\/es\/#website","url":"https:\/\/estanciacristina.com\/es\/","name":"Estancia Cristina ES","description":"","potentialAction":[{"@type":"SearchAction","target":{"@type":"EntryPoint","urlTemplate":"https:\/\/estanciacristina.com\/es\/?s={search_term_string}"},"query-input":{"@type":"PropertyValueSpecification","valueRequired":true,"valueName":"search_term_string"}}],"inLanguage":"es-AR"}]}},"_links":{"self":[{"href":"https:\/\/estanciacristina.com\/es\/wp-json\/wp\/v2\/pages\/20","targetHints":{"allow":["GET"]}}],"collection":[{"href":"https:\/\/estanciacristina.com\/es\/wp-json\/wp\/v2\/pages"}],"about":[{"href":"https:\/\/estanciacristina.com\/es\/wp-json\/wp\/v2\/types\/page"}],"author":[{"embeddable":true,"href":"https:\/\/estanciacristina.com\/es\/wp-json\/wp\/v2\/users\/1"}],"replies":[{"embeddable":true,"href":"https:\/\/estanciacristina.com\/es\/wp-json\/wp\/v2\/comments?post=20"}],"version-history":[{"count":49,"href":"https:\/\/estanciacristina.com\/es\/wp-json\/wp\/v2\/pages\/20\/revisions"}],"predecessor-version":[{"id":5223,"href":"https:\/\/estanciacristina.com\/es\/wp-json\/wp\/v2\/pages\/20\/revisions\/5223"}],"wp:attachment":[{"href":"https:\/\/estanciacristina.com\/es\/wp-json\/wp\/v2\/media?parent=20"}],"curies":[{"name":"wp","href":"https:\/\/api.w.org\/{rel}","templated":true}]}}