{"id":162,"date":"2022-09-17T20:48:45","date_gmt":"2022-09-17T20:48:45","guid":{"rendered":"https:\/\/estanciacristina.com\/?page_id=162"},"modified":"2025-05-02T19:22:32","modified_gmt":"2025-05-02T19:22:32","slug":"trekking","status":"publish","type":"page","link":"https:\/\/estanciacristina.com\/es\/trekking\/","title":{"rendered":"Trekking"},"content":{"rendered":"","protected":false},"excerpt":{"rendered":"","protected":false},"author":1,"featured_media":0,"parent":0,"menu_order":8,"comment_status":"closed","ping_status":"closed","template":"templates\/expedition.php","meta":{"_acf_changed":false,"footnotes":""},"class_list":["post-162","page","type-page","status-publish","hentry"],"acf":[],"yoast_head":"<!-- This site is optimized with the Yoast SEO plugin v24.1 - https:\/\/yoast.com\/wordpress\/plugins\/seo\/ -->\n<title>Explora la Patagonia en una Expedici\u00f3n de Trekking | Estancia Cristina<\/title>\n<meta name=\"description\" content=\"Si te encanta el trekking, esta es una de las cosas que hacer en la Patagonia Argentina. Explora un para\u00edso sure\u00f1o y realiza diferentes expediciones. Haz clic aqu\u00ed para hacer una reserva.\" \/>\n<meta name=\"robots\" content=\"index, follow, max-snippet:-1, max-image-preview:large, max-video-preview:-1\" \/>\n<link rel=\"canonical\" href=\"https:\/\/estanciacristina.com\/es\/trekking\/\" \/>\n<meta property=\"og:locale\" content=\"es_ES\" \/>\n<meta property=\"og:type\" content=\"article\" \/>\n<meta property=\"og:title\" content=\"Explora la Patagonia en una Expedici\u00f3n de Trekking | Estancia Cristina\" \/>\n<meta property=\"og:description\" content=\"Si te encanta el trekking, esta es una de las cosas que hacer en la Patagonia Argentina. Explora un para\u00edso sure\u00f1o y realiza diferentes expediciones. Haz clic aqu\u00ed para hacer una reserva.\" \/>\n<meta property=\"og:url\" content=\"https:\/\/estanciacristina.com\/es\/trekking\/\" \/>\n<meta property=\"og:site_name\" content=\"Estancia Cristina ES\" \/>\n<meta property=\"article:modified_time\" content=\"2025-05-02T19:22:32+00:00\" \/>\n<meta name=\"twitter:card\" content=\"summary_large_image\" \/>\n<script type=\"application\/ld+json\" class=\"yoast-schema-graph\">{\"@context\":\"https:\/\/schema.org\",\"@graph\":[{\"@type\":\"WebPage\",\"@id\":\"https:\/\/estanciacristina.com\/es\/trekking\/\",\"url\":\"https:\/\/estanciacristina.com\/es\/trekking\/\",\"name\":\"Explora la Patagonia en una Expedici\u00f3n de Trekking | Estancia Cristina\",\"isPartOf\":{\"@id\":\"https:\/\/estanciacristina.com\/es\/#website\"},\"datePublished\":\"2022-09-17T20:48:45+00:00\",\"dateModified\":\"2025-05-02T19:22:32+00:00\",\"description\":\"Si te encanta el trekking, esta es una de las cosas que hacer en la Patagonia Argentina. Explora un para\u00edso sure\u00f1o y realiza diferentes expediciones. Haz clic aqu\u00ed para hacer una reserva.\",\"breadcrumb\":{\"@id\":\"https:\/\/estanciacristina.com\/es\/trekking\/#breadcrumb\"},\"inLanguage\":\"es-AR\",\"potentialAction\":[{\"@type\":\"ReadAction\",\"target\":[\"https:\/\/estanciacristina.com\/es\/trekking\/\"]}]},{\"@type\":\"BreadcrumbList\",\"@id\":\"https:\/\/estanciacristina.com\/es\/trekking\/#breadcrumb\",\"itemListElement\":[{\"@type\":\"ListItem\",\"position\":1,\"name\":\"Home\",\"item\":\"https:\/\/estanciacristina.com\/es\/\"},{\"@type\":\"ListItem\",\"position\":2,\"name\":\"Trekking\"}]},{\"@type\":\"WebSite\",\"@id\":\"https:\/\/estanciacristina.com\/es\/#website\",\"url\":\"https:\/\/estanciacristina.com\/es\/\",\"name\":\"Estancia Cristina ES\",\"description\":\"\",\"potentialAction\":[{\"@type\":\"SearchAction\",\"target\":{\"@type\":\"EntryPoint\",\"urlTemplate\":\"https:\/\/estanciacristina.com\/es\/?s={search_term_string}\"},\"query-input\":{\"@type\":\"PropertyValueSpecification\",\"valueRequired\":true,\"valueName\":\"search_term_string\"}}],\"inLanguage\":\"es-AR\"}]}<\/script>\n<!-- \/ Yoast SEO plugin. -->","yoast_head_json":{"title":"Explora la Patagonia en una Expedici\u00f3n de Trekking | Estancia Cristina","description":"Si te encanta el trekking, esta es una de las cosas que hacer en la Patagonia Argentina. Explora un para\u00edso sure\u00f1o y realiza diferentes expediciones. Haz clic aqu\u00ed para hacer una reserva.","robots":{"index":"index","follow":"follow","max-snippet":"max-snippet:-1","max-image-preview":"max-image-preview:large","max-video-preview":"max-video-preview:-1"},"canonical":"https:\/\/estanciacristina.com\/es\/trekking\/","og_locale":"es_ES","og_type":"article","og_title":"Explora la Patagonia en una Expedici\u00f3n de Trekking | Estancia Cristina","og_description":"Si te encanta el trekking, esta es una de las cosas que hacer en la Patagonia Argentina. Explora un para\u00edso sure\u00f1o y realiza diferentes expediciones. Haz clic aqu\u00ed para hacer una reserva.","og_url":"https:\/\/estanciacristina.com\/es\/trekking\/","og_site_name":"Estancia Cristina ES","article_modified_time":"2025-05-02T19:22:32+00:00","twitter_card":"summary_large_image","schema":{"@context":"https:\/\/schema.org","@graph":[{"@type":"WebPage","@id":"https:\/\/estanciacristina.com\/es\/trekking\/","url":"https:\/\/estanciacristina.com\/es\/trekking\/","name":"Explora la Patagonia en una Expedici\u00f3n de Trekking | Estancia Cristina","isPartOf":{"@id":"https:\/\/estanciacristina.com\/es\/#website"},"datePublished":"2022-09-17T20:48:45+00:00","dateModified":"2025-05-02T19:22:32+00:00","description":"Si te encanta el trekking, esta es una de las cosas que hacer en la Patagonia Argentina. Explora un para\u00edso sure\u00f1o y realiza diferentes expediciones. Haz clic aqu\u00ed para hacer una reserva.","breadcrumb":{"@id":"https:\/\/estanciacristina.com\/es\/trekking\/#breadcrumb"},"inLanguage":"es-AR","potentialAction":[{"@type":"ReadAction","target":["https:\/\/estanciacristina.com\/es\/trekking\/"]}]},{"@type":"BreadcrumbList","@id":"https:\/\/estanciacristina.com\/es\/trekking\/#breadcrumb","itemListElement":[{"@type":"ListItem","position":1,"name":"Home","item":"https:\/\/estanciacristina.com\/es\/"},{"@type":"ListItem","position":2,"name":"Trekking"}]},{"@type":"WebSite","@id":"https:\/\/estanciacristina.com\/es\/#website","url":"https:\/\/estanciacristina.com\/es\/","name":"Estancia Cristina ES","description":"","potentialAction":[{"@type":"SearchAction","target":{"@type":"EntryPoint","urlTemplate":"https:\/\/estanciacristina.com\/es\/?s={search_term_string}"},"query-input":{"@type":"PropertyValueSpecification","valueRequired":true,"valueName":"search_term_string"}}],"inLanguage":"es-AR"}]}},"_links":{"self":[{"href":"https:\/\/estanciacristina.com\/es\/wp-json\/wp\/v2\/pages\/162","targetHints":{"allow":["GET"]}}],"collection":[{"href":"https:\/\/estanciacristina.com\/es\/wp-json\/wp\/v2\/pages"}],"about":[{"href":"https:\/\/estanciacristina.com\/es\/wp-json\/wp\/v2\/types\/page"}],"author":[{"embeddable":true,"href":"https:\/\/estanciacristina.com\/es\/wp-json\/wp\/v2\/users\/1"}],"replies":[{"embeddable":true,"href":"https:\/\/estanciacristina.com\/es\/wp-json\/wp\/v2\/comments?post=162"}],"version-history":[{"count":69,"href":"https:\/\/estanciacristina.com\/es\/wp-json\/wp\/v2\/pages\/162\/revisions"}],"predecessor-version":[{"id":4662,"href":"https:\/\/estanciacristina.com\/es\/wp-json\/wp\/v2\/pages\/162\/revisions\/4662"}],"wp:attachment":[{"href":"https:\/\/estanciacristina.com\/es\/wp-json\/wp\/v2\/media?parent=162"}],"curies":[{"name":"wp","href":"https:\/\/api.w.org\/{rel}","templated":true}]}}