{"id":1615,"date":"2022-10-18T19:26:49","date_gmt":"2022-10-18T19:26:49","guid":{"rendered":"https:\/\/estanciacristina.com\/?page_id=1615"},"modified":"2025-05-02T19:22:57","modified_gmt":"2025-05-02T19:22:57","slug":"visit-classic","status":"publish","type":"page","link":"https:\/\/estanciacristina.com\/es\/visit-classic\/","title":{"rendered":"Classic &#8211; Visit"},"content":{"rendered":"","protected":false},"excerpt":{"rendered":"","protected":false},"author":1,"featured_media":0,"parent":0,"menu_order":0,"comment_status":"closed","ping_status":"closed","template":"templates\/expedition.php","meta":{"_acf_changed":false,"footnotes":""},"class_list":["post-1615","page","type-page","status-publish","hentry"],"acf":[],"yoast_head":"<!-- This site is optimized with the Yoast SEO plugin v24.1 - https:\/\/yoast.com\/wordpress\/plugins\/seo\/ -->\n<title>Conoc\u00e9 nuestro tour cl\u00e1sico de la Patagonia Argentina \/Conoc\u00e9 el tour exclusivo de la Patagonia | Estancia Cristina<\/title>\n<meta name=\"description\" content=\"Disfrut\u00e1 de la cl\u00e1sica expedici\u00f3n a Estancia Cristina en el sur de Argentina. All\u00ed podr\u00e1s apreciar los paisajes patag\u00f3nicos llenos de lagos, cascadas y bosques. Viv\u00ed la experiencia en Estancia Cristina.\" \/>\n<meta name=\"robots\" content=\"index, follow, max-snippet:-1, max-image-preview:large, max-video-preview:-1\" \/>\n<link rel=\"canonical\" href=\"https:\/\/estanciacristina.com\/es\/visit-classic\/\" \/>\n<meta property=\"og:locale\" content=\"es_ES\" \/>\n<meta property=\"og:type\" content=\"article\" \/>\n<meta property=\"og:title\" content=\"Conoc\u00e9 nuestro tour cl\u00e1sico de la Patagonia Argentina \/Conoc\u00e9 el tour exclusivo de la Patagonia | Estancia Cristina\" \/>\n<meta property=\"og:description\" content=\"Disfrut\u00e1 de la cl\u00e1sica expedici\u00f3n a Estancia Cristina en el sur de Argentina. All\u00ed podr\u00e1s apreciar los paisajes patag\u00f3nicos llenos de lagos, cascadas y bosques. Viv\u00ed la experiencia en Estancia Cristina.\" \/>\n<meta property=\"og:url\" content=\"https:\/\/estanciacristina.com\/es\/visit-classic\/\" \/>\n<meta property=\"og:site_name\" content=\"Estancia Cristina ES\" \/>\n<meta property=\"article:modified_time\" content=\"2025-05-02T19:22:57+00:00\" \/>\n<meta name=\"twitter:card\" content=\"summary_large_image\" \/>\n<script type=\"application\/ld+json\" class=\"yoast-schema-graph\">{\"@context\":\"https:\/\/schema.org\",\"@graph\":[{\"@type\":\"WebPage\",\"@id\":\"https:\/\/estanciacristina.com\/es\/visit-classic\/\",\"url\":\"https:\/\/estanciacristina.com\/es\/visit-classic\/\",\"name\":\"Conoc\u00e9 nuestro tour cl\u00e1sico de la Patagonia Argentina \/Conoc\u00e9 el tour exclusivo de la Patagonia | Estancia Cristina\",\"isPartOf\":{\"@id\":\"https:\/\/estanciacristina.com\/es\/#website\"},\"datePublished\":\"2022-10-18T19:26:49+00:00\",\"dateModified\":\"2025-05-02T19:22:57+00:00\",\"description\":\"Disfrut\u00e1 de la cl\u00e1sica expedici\u00f3n a Estancia Cristina en el sur de Argentina. All\u00ed podr\u00e1s apreciar los paisajes patag\u00f3nicos llenos de lagos, cascadas y bosques. Viv\u00ed la experiencia en Estancia Cristina.\",\"breadcrumb\":{\"@id\":\"https:\/\/estanciacristina.com\/es\/visit-classic\/#breadcrumb\"},\"inLanguage\":\"es-AR\",\"potentialAction\":[{\"@type\":\"ReadAction\",\"target\":[\"https:\/\/estanciacristina.com\/es\/visit-classic\/\"]}]},{\"@type\":\"BreadcrumbList\",\"@id\":\"https:\/\/estanciacristina.com\/es\/visit-classic\/#breadcrumb\",\"itemListElement\":[{\"@type\":\"ListItem\",\"position\":1,\"name\":\"Home\",\"item\":\"https:\/\/estanciacristina.com\/es\/\"},{\"@type\":\"ListItem\",\"position\":2,\"name\":\"Classic &#8211; Visit\"}]},{\"@type\":\"WebSite\",\"@id\":\"https:\/\/estanciacristina.com\/es\/#website\",\"url\":\"https:\/\/estanciacristina.com\/es\/\",\"name\":\"Estancia Cristina ES\",\"description\":\"\",\"potentialAction\":[{\"@type\":\"SearchAction\",\"target\":{\"@type\":\"EntryPoint\",\"urlTemplate\":\"https:\/\/estanciacristina.com\/es\/?s={search_term_string}\"},\"query-input\":{\"@type\":\"PropertyValueSpecification\",\"valueRequired\":true,\"valueName\":\"search_term_string\"}}],\"inLanguage\":\"es-AR\"}]}<\/script>\n<!-- \/ Yoast SEO plugin. -->","yoast_head_json":{"title":"Conoc\u00e9 nuestro tour cl\u00e1sico de la Patagonia Argentina \/Conoc\u00e9 el tour exclusivo de la Patagonia | Estancia Cristina","description":"Disfrut\u00e1 de la cl\u00e1sica expedici\u00f3n a Estancia Cristina en el sur de Argentina. All\u00ed podr\u00e1s apreciar los paisajes patag\u00f3nicos llenos de lagos, cascadas y bosques. Viv\u00ed la experiencia en Estancia Cristina.","robots":{"index":"index","follow":"follow","max-snippet":"max-snippet:-1","max-image-preview":"max-image-preview:large","max-video-preview":"max-video-preview:-1"},"canonical":"https:\/\/estanciacristina.com\/es\/visit-classic\/","og_locale":"es_ES","og_type":"article","og_title":"Conoc\u00e9 nuestro tour cl\u00e1sico de la Patagonia Argentina \/Conoc\u00e9 el tour exclusivo de la Patagonia | Estancia Cristina","og_description":"Disfrut\u00e1 de la cl\u00e1sica expedici\u00f3n a Estancia Cristina en el sur de Argentina. All\u00ed podr\u00e1s apreciar los paisajes patag\u00f3nicos llenos de lagos, cascadas y bosques. Viv\u00ed la experiencia en Estancia Cristina.","og_url":"https:\/\/estanciacristina.com\/es\/visit-classic\/","og_site_name":"Estancia Cristina ES","article_modified_time":"2025-05-02T19:22:57+00:00","twitter_card":"summary_large_image","schema":{"@context":"https:\/\/schema.org","@graph":[{"@type":"WebPage","@id":"https:\/\/estanciacristina.com\/es\/visit-classic\/","url":"https:\/\/estanciacristina.com\/es\/visit-classic\/","name":"Conoc\u00e9 nuestro tour cl\u00e1sico de la Patagonia Argentina \/Conoc\u00e9 el tour exclusivo de la Patagonia | Estancia Cristina","isPartOf":{"@id":"https:\/\/estanciacristina.com\/es\/#website"},"datePublished":"2022-10-18T19:26:49+00:00","dateModified":"2025-05-02T19:22:57+00:00","description":"Disfrut\u00e1 de la cl\u00e1sica expedici\u00f3n a Estancia Cristina en el sur de Argentina. All\u00ed podr\u00e1s apreciar los paisajes patag\u00f3nicos llenos de lagos, cascadas y bosques. Viv\u00ed la experiencia en Estancia Cristina.","breadcrumb":{"@id":"https:\/\/estanciacristina.com\/es\/visit-classic\/#breadcrumb"},"inLanguage":"es-AR","potentialAction":[{"@type":"ReadAction","target":["https:\/\/estanciacristina.com\/es\/visit-classic\/"]}]},{"@type":"BreadcrumbList","@id":"https:\/\/estanciacristina.com\/es\/visit-classic\/#breadcrumb","itemListElement":[{"@type":"ListItem","position":1,"name":"Home","item":"https:\/\/estanciacristina.com\/es\/"},{"@type":"ListItem","position":2,"name":"Classic &#8211; Visit"}]},{"@type":"WebSite","@id":"https:\/\/estanciacristina.com\/es\/#website","url":"https:\/\/estanciacristina.com\/es\/","name":"Estancia Cristina ES","description":"","potentialAction":[{"@type":"SearchAction","target":{"@type":"EntryPoint","urlTemplate":"https:\/\/estanciacristina.com\/es\/?s={search_term_string}"},"query-input":{"@type":"PropertyValueSpecification","valueRequired":true,"valueName":"search_term_string"}}],"inLanguage":"es-AR"}]}},"_links":{"self":[{"href":"https:\/\/estanciacristina.com\/es\/wp-json\/wp\/v2\/pages\/1615","targetHints":{"allow":["GET"]}}],"collection":[{"href":"https:\/\/estanciacristina.com\/es\/wp-json\/wp\/v2\/pages"}],"about":[{"href":"https:\/\/estanciacristina.com\/es\/wp-json\/wp\/v2\/types\/page"}],"author":[{"embeddable":true,"href":"https:\/\/estanciacristina.com\/es\/wp-json\/wp\/v2\/users\/1"}],"replies":[{"embeddable":true,"href":"https:\/\/estanciacristina.com\/es\/wp-json\/wp\/v2\/comments?post=1615"}],"version-history":[{"count":37,"href":"https:\/\/estanciacristina.com\/es\/wp-json\/wp\/v2\/pages\/1615\/revisions"}],"predecessor-version":[{"id":4664,"href":"https:\/\/estanciacristina.com\/es\/wp-json\/wp\/v2\/pages\/1615\/revisions\/4664"}],"wp:attachment":[{"href":"https:\/\/estanciacristina.com\/es\/wp-json\/wp\/v2\/media?parent=1615"}],"curies":[{"name":"wp","href":"https:\/\/api.w.org\/{rel}","templated":true}]}}