{"id":132,"date":"2022-09-14T17:28:37","date_gmt":"2022-09-14T17:28:37","guid":{"rendered":"https:\/\/estanciacristina.com\/?page_id=132"},"modified":"2025-05-02T21:58:25","modified_gmt":"2025-05-02T21:58:25","slug":"captions","status":"publish","type":"page","link":"https:\/\/estanciacristina.com\/es\/captions\/","title":{"rendered":"Captions"},"content":{"rendered":"","protected":false},"excerpt":{"rendered":"","protected":false},"author":1,"featured_media":0,"parent":0,"menu_order":11,"comment_status":"closed","ping_status":"closed","template":"templates\/gallery.php","meta":{"_acf_changed":false,"footnotes":""},"class_list":["post-132","page","type-page","status-publish","hentry"],"acf":[],"yoast_head":"<!-- This site is optimized with the Yoast SEO plugin v24.1 - https:\/\/yoast.com\/wordpress\/plugins\/seo\/ -->\n<title>Viaja a trav\u00e9s de nuestra galer\u00eda de im\u00e1genes.<\/title>\n<meta name=\"description\" content=\"Un lugar para disfrutar y contemplar la paz de la naturaleza. Vivi un estilo de vida sure\u00f1o en Patagonia, Argentina. Reserva ahora\" \/>\n<meta name=\"robots\" content=\"index, follow, max-snippet:-1, max-image-preview:large, max-video-preview:-1\" \/>\n<link rel=\"canonical\" href=\"https:\/\/estanciacristina.com\/es\/captions\/\" \/>\n<meta property=\"og:locale\" content=\"es_ES\" \/>\n<meta property=\"og:type\" content=\"article\" \/>\n<meta property=\"og:title\" content=\"Viaja a trav\u00e9s de nuestra galer\u00eda de im\u00e1genes.\" \/>\n<meta property=\"og:description\" content=\"Un lugar para disfrutar y contemplar la paz de la naturaleza. Vivi un estilo de vida sure\u00f1o en Patagonia, Argentina. Reserva ahora\" \/>\n<meta property=\"og:url\" content=\"https:\/\/estanciacristina.com\/es\/captions\/\" \/>\n<meta property=\"og:site_name\" content=\"Estancia Cristina ES\" \/>\n<meta property=\"article:modified_time\" content=\"2025-05-02T21:58:25+00:00\" \/>\n<meta name=\"twitter:card\" content=\"summary_large_image\" \/>\n<script type=\"application\/ld+json\" class=\"yoast-schema-graph\">{\"@context\":\"https:\/\/schema.org\",\"@graph\":[{\"@type\":\"WebPage\",\"@id\":\"https:\/\/estanciacristina.com\/es\/captions\/\",\"url\":\"https:\/\/estanciacristina.com\/es\/captions\/\",\"name\":\"Viaja a trav\u00e9s de nuestra galer\u00eda de im\u00e1genes.\",\"isPartOf\":{\"@id\":\"https:\/\/estanciacristina.com\/es\/#website\"},\"datePublished\":\"2022-09-14T17:28:37+00:00\",\"dateModified\":\"2025-05-02T21:58:25+00:00\",\"description\":\"Un lugar para disfrutar y contemplar la paz de la naturaleza. Vivi un estilo de vida sure\u00f1o en Patagonia, Argentina. Reserva ahora\",\"breadcrumb\":{\"@id\":\"https:\/\/estanciacristina.com\/es\/captions\/#breadcrumb\"},\"inLanguage\":\"es-AR\",\"potentialAction\":[{\"@type\":\"ReadAction\",\"target\":[\"https:\/\/estanciacristina.com\/es\/captions\/\"]}]},{\"@type\":\"BreadcrumbList\",\"@id\":\"https:\/\/estanciacristina.com\/es\/captions\/#breadcrumb\",\"itemListElement\":[{\"@type\":\"ListItem\",\"position\":1,\"name\":\"Home\",\"item\":\"https:\/\/estanciacristina.com\/es\/\"},{\"@type\":\"ListItem\",\"position\":2,\"name\":\"Captions\"}]},{\"@type\":\"WebSite\",\"@id\":\"https:\/\/estanciacristina.com\/es\/#website\",\"url\":\"https:\/\/estanciacristina.com\/es\/\",\"name\":\"Estancia Cristina ES\",\"description\":\"\",\"potentialAction\":[{\"@type\":\"SearchAction\",\"target\":{\"@type\":\"EntryPoint\",\"urlTemplate\":\"https:\/\/estanciacristina.com\/es\/?s={search_term_string}\"},\"query-input\":{\"@type\":\"PropertyValueSpecification\",\"valueRequired\":true,\"valueName\":\"search_term_string\"}}],\"inLanguage\":\"es-AR\"}]}<\/script>\n<!-- \/ Yoast SEO plugin. -->","yoast_head_json":{"title":"Viaja a trav\u00e9s de nuestra galer\u00eda de im\u00e1genes.","description":"Un lugar para disfrutar y contemplar la paz de la naturaleza. Vivi un estilo de vida sure\u00f1o en Patagonia, Argentina. Reserva ahora","robots":{"index":"index","follow":"follow","max-snippet":"max-snippet:-1","max-image-preview":"max-image-preview:large","max-video-preview":"max-video-preview:-1"},"canonical":"https:\/\/estanciacristina.com\/es\/captions\/","og_locale":"es_ES","og_type":"article","og_title":"Viaja a trav\u00e9s de nuestra galer\u00eda de im\u00e1genes.","og_description":"Un lugar para disfrutar y contemplar la paz de la naturaleza. Vivi un estilo de vida sure\u00f1o en Patagonia, Argentina. Reserva ahora","og_url":"https:\/\/estanciacristina.com\/es\/captions\/","og_site_name":"Estancia Cristina ES","article_modified_time":"2025-05-02T21:58:25+00:00","twitter_card":"summary_large_image","schema":{"@context":"https:\/\/schema.org","@graph":[{"@type":"WebPage","@id":"https:\/\/estanciacristina.com\/es\/captions\/","url":"https:\/\/estanciacristina.com\/es\/captions\/","name":"Viaja a trav\u00e9s de nuestra galer\u00eda de im\u00e1genes.","isPartOf":{"@id":"https:\/\/estanciacristina.com\/es\/#website"},"datePublished":"2022-09-14T17:28:37+00:00","dateModified":"2025-05-02T21:58:25+00:00","description":"Un lugar para disfrutar y contemplar la paz de la naturaleza. Vivi un estilo de vida sure\u00f1o en Patagonia, Argentina. Reserva ahora","breadcrumb":{"@id":"https:\/\/estanciacristina.com\/es\/captions\/#breadcrumb"},"inLanguage":"es-AR","potentialAction":[{"@type":"ReadAction","target":["https:\/\/estanciacristina.com\/es\/captions\/"]}]},{"@type":"BreadcrumbList","@id":"https:\/\/estanciacristina.com\/es\/captions\/#breadcrumb","itemListElement":[{"@type":"ListItem","position":1,"name":"Home","item":"https:\/\/estanciacristina.com\/es\/"},{"@type":"ListItem","position":2,"name":"Captions"}]},{"@type":"WebSite","@id":"https:\/\/estanciacristina.com\/es\/#website","url":"https:\/\/estanciacristina.com\/es\/","name":"Estancia Cristina ES","description":"","potentialAction":[{"@type":"SearchAction","target":{"@type":"EntryPoint","urlTemplate":"https:\/\/estanciacristina.com\/es\/?s={search_term_string}"},"query-input":{"@type":"PropertyValueSpecification","valueRequired":true,"valueName":"search_term_string"}}],"inLanguage":"es-AR"}]}},"_links":{"self":[{"href":"https:\/\/estanciacristina.com\/es\/wp-json\/wp\/v2\/pages\/132","targetHints":{"allow":["GET"]}}],"collection":[{"href":"https:\/\/estanciacristina.com\/es\/wp-json\/wp\/v2\/pages"}],"about":[{"href":"https:\/\/estanciacristina.com\/es\/wp-json\/wp\/v2\/types\/page"}],"author":[{"embeddable":true,"href":"https:\/\/estanciacristina.com\/es\/wp-json\/wp\/v2\/users\/1"}],"replies":[{"embeddable":true,"href":"https:\/\/estanciacristina.com\/es\/wp-json\/wp\/v2\/comments?post=132"}],"version-history":[{"count":37,"href":"https:\/\/estanciacristina.com\/es\/wp-json\/wp\/v2\/pages\/132\/revisions"}],"predecessor-version":[{"id":4700,"href":"https:\/\/estanciacristina.com\/es\/wp-json\/wp\/v2\/pages\/132\/revisions\/4700"}],"wp:attachment":[{"href":"https:\/\/estanciacristina.com\/es\/wp-json\/wp\/v2\/media?parent=132"}],"curies":[{"name":"wp","href":"https:\/\/api.w.org\/{rel}","templated":true}]}}